{"id":3453,"date":"2025-02-27T15:00:00","date_gmt":"2025-02-27T15:00:00","guid":{"rendered":"https:\/\/finovate.vamtam.com\/?page_id=3453"},"modified":"2026-03-30T17:46:10","modified_gmt":"2026-03-30T21:46:10","slug":"importacion-distribucion-logistica","status":"publish","type":"page","link":"https:\/\/gtbridge.com\/en\/services\/importacion-distribucion-logistica\/","title":{"rendered":"Import, distribution and logistic"},"content":{"rendered":"<div data-elementor-type=\"wp-page\" data-elementor-id=\"3453\" class=\"elementor elementor-3453\" data-elementor-post-type=\"page\">\n\t\t\t\t<div class=\"elementor-element elementor-element-94c70b9 e-flex e-con-boxed e-con e-parent\" data-id=\"94c70b9\" data-element_type=\"container\" data-e-type=\"container\">\n\t\t\t\t\t<div class=\"e-con-inner\">\n\t\t\t\t<div class=\"elementor-element elementor-element-a628748 elementor-invisible elementor-widget__width-auto animated-fast elementor-widget elementor-widget-heading\" data-id=\"a628748\" data-element_type=\"widget\" data-e-type=\"widget\" data-settings=\"{&quot;_animation&quot;:&quot;fadeIn&quot;,&quot;_animation_delay&quot;:50}\" data-widget_type=\"heading.default\">\n\t\t\t\t<div class=\"elementor-widget-container\">\n\t\t\t\t\t<div class=\"elementor-heading-title elementor-size-default\">Services<\/div>\t\t\t\t<\/div>\n\t\t\t\t<\/div>\n\t\t<div class=\"elementor-element elementor-element-ec740db e-con-full e-flex e-con e-child\" data-id=\"ec740db\" data-element_type=\"container\" data-e-type=\"container\">\n\t\t<div class=\"elementor-element elementor-element-4b850e0 e-con-full e-flex e-con e-child\" data-id=\"4b850e0\" data-element_type=\"container\" data-e-type=\"container\">\n\t\t\t\t<div class=\"elementor-element elementor-element-1ba19d7 elementor-invisible elementor-widget__width-initial elementor-widget-mobile__width-inherit animated-fast elementor-widget elementor-widget-heading\" data-id=\"1ba19d7\" data-element_type=\"widget\" data-e-type=\"widget\" data-settings=\"{&quot;_animation&quot;:&quot;fadeIn&quot;}\" data-widget_type=\"heading.default\">\n\t\t\t\t<div class=\"elementor-widget-container\">\n\t\t\t\t\t<h2 class=\"elementor-heading-title elementor-size-default\">Your products in good hands<\/h2>\t\t\t\t<\/div>\n\t\t\t\t<\/div>\n\t\t\t\t<div class=\"elementor-element elementor-element-af95163 elementor-widget elementor-widget-html\" data-id=\"af95163\" data-element_type=\"widget\" data-e-type=\"widget\" data-widget_type=\"html.default\">\n\t\t\t\t<div class=\"elementor-widget-container\">\n\t\t\t\t\t<style> h1, .page-title, .entry-title { text-align: center !important; width: 100%; margin-top: 80px !important; } <\/style>\t\t\t\t<\/div>\n\t\t\t\t<\/div>\n\t\t\t\t<div class=\"elementor-element elementor-element-e2eb738 elementor-invisible animated-fast elementor-widget-tablet__width-inherit elementor-widget elementor-widget-text-editor\" data-id=\"e2eb738\" data-element_type=\"widget\" data-e-type=\"widget\" data-settings=\"{&quot;_animation&quot;:&quot;fadeIn&quot;,&quot;_animation_delay&quot;:0}\" data-widget_type=\"text-editor.default\">\n\t\t\t\t<div class=\"elementor-widget-container\">\n\t\t\t\t\t\t\t\t\t<p><span data-sheets-root=\"1\">We offer a comprehensive import and  master distribution service; we assume responsibility for the products before authorities and manage the entire supply chain. Our services include warehousing, inventory control and coordinating shipments to wholesale distributors as well as direct routes to retailers.<\/span><\/p>\t\t\t\t\t\t\t\t<\/div>\n\t\t\t\t<\/div>\n\t\t\t\t<\/div>\n\t\t<div class=\"elementor-element elementor-element-43924c2 e-con-full animated-fast e-flex e-con e-child\" data-id=\"43924c2\" data-element_type=\"container\" data-e-type=\"container\" data-settings=\"{&quot;animation&quot;:&quot;none&quot;,&quot;animation_delay&quot;:0}\">\n\t\t<div class=\"elementor-element elementor-element-e2ab735 elementor-invisible e-con-full animated-fast e-flex e-con e-child\" data-id=\"e2ab735\" data-element_type=\"container\" data-e-type=\"container\" data-settings=\"{&quot;background_background&quot;:&quot;classic&quot;,&quot;animation&quot;:&quot;slideInUp&quot;,&quot;animation_delay&quot;:0}\">\n\t\t<div class=\"elementor-element elementor-element-5a10f33 e-con-full e-flex e-con e-child\" data-id=\"5a10f33\" data-element_type=\"container\" data-e-type=\"container\">\n\t\t<div class=\"elementor-element elementor-element-7692939 e-con-full e-flex e-con e-child\" data-id=\"7692939\" data-element_type=\"container\" data-e-type=\"container\">\n\t\t\t\t<div class=\"elementor-element elementor-element-806e715 elementor-widget__width-auto elementor-widget elementor-widget-heading\" data-id=\"806e715\" data-element_type=\"widget\" data-e-type=\"widget\" data-widget_type=\"heading.default\">\n\t\t\t\t<div class=\"elementor-widget-container\">\n\t\t\t\t\t<div class=\"elementor-heading-title elementor-size-default\">Free Consultation<\/div>\t\t\t\t<\/div>\n\t\t\t\t<\/div>\n\t\t\t\t<div class=\"elementor-element elementor-element-5e3ff95 elementor-widget elementor-widget-heading\" data-id=\"5e3ff95\" data-element_type=\"widget\" data-e-type=\"widget\" data-widget_type=\"heading.default\">\n\t\t\t\t<div class=\"elementor-widget-container\">\n\t\t\t\t\t<h3 class=\"elementor-heading-title elementor-size-default\">Schedule a free consultation<\/h3>\t\t\t\t<\/div>\n\t\t\t\t<\/div>\n\t\t\t\t<\/div>\n\t\t<div class=\"elementor-element elementor-element-84a872b e-con-full e-flex e-con e-child\" data-id=\"84a872b\" data-element_type=\"container\" data-e-type=\"container\">\n\t\t\t\t<div class=\"vamtam-has-theme-widget-styles elementor-element elementor-element-c74dfe3 elementor-view-default elementor-widget elementor-widget-icon\" data-id=\"c74dfe3\" data-element_type=\"widget\" data-e-type=\"widget\" data-widget_type=\"icon.default\">\n\t\t\t\t<div class=\"elementor-widget-container\">\n\t\t\t\t\t\t\t<div class=\"elementor-icon-wrapper\">\n\t\t\t<div class=\"elementor-icon\">\n\t\t\t<i aria-hidden=\"true\" class=\"vamtamtheme- vamtam-theme-sign-star\"><\/i>\t\t\t<\/div>\n\t\t<\/div>\n\t\t\t\t\t\t<\/div>\n\t\t\t\t<\/div>\n\t\t\t\t<\/div>\n\t\t\t\t<\/div>\n\t\t<div class=\"elementor-element elementor-element-35434ce e-con-full e-flex e-con e-child\" data-id=\"35434ce\" data-element_type=\"container\" data-e-type=\"container\">\n\t\t\t\t<div class=\"vamtam-has-theme-widget-styles elementor-element elementor-element-c1ae6c6 elementor-widget elementor-widget-button\" data-id=\"c1ae6c6\" data-element_type=\"widget\" data-e-type=\"widget\" data-widget_type=\"button.default\">\n\t\t\t\t<div class=\"elementor-widget-container\">\n\t\t\t\t\t\t\t\t\t<div class=\"elementor-button-wrapper\">\n\t\t\t\t\t<a class=\"elementor-button elementor-button-link elementor-size-sm\" href=\"#elementor-action%3Aaction%3Dpopup%3Aopen%26settings%3DeyJpZCI6IjQyODYiLCJ0b2dnbGUiOmZhbHNlLCJhbGlnbl93aXRoX3BhcmVudCI6IiJ9\">\n\t\t\t\t\t\t<span class=\"elementor-button-content-wrapper\">\n\t\t\t\t\t\t\t\t\t<span class=\"elementor-button-text\">Click here<\/span>\n\t\t\t\t\t<\/span>\n\t\t\t\t\t<\/a>\n\t\t\t\t<\/div>\n\t\t\t\t\t\t\t\t<\/div>\n\t\t\t\t<\/div>\n\t\t\t\t<\/div>\n\t\t\t\t<\/div>\n\t\t\t\t<\/div>\n\t\t\t\t<\/div>\n\t\t\t\t\t<\/div>\n\t\t\t\t<\/div>\n\t\t<div class=\"elementor-element elementor-element-cc81cee elementor-hidden-mobile elementor-hidden-tablet e-flex e-con-boxed e-con e-parent\" data-id=\"cc81cee\" data-element_type=\"container\" data-e-type=\"container\">\n\t\t\t\t\t<div class=\"e-con-inner\">\n\t\t\t\t<div class=\"elementor-element elementor-element-72781e6 elementor-hidden-mobile elementor-widget-divider--view-line elementor-widget elementor-widget-divider\" data-id=\"72781e6\" data-element_type=\"widget\" data-e-type=\"widget\" data-widget_type=\"divider.default\">\n\t\t\t\t<div class=\"elementor-widget-container\">\n\t\t\t\t\t\t\t<div class=\"elementor-divider\">\n\t\t\t<span class=\"elementor-divider-separator\">\n\t\t\t\t\t\t<\/span>\n\t\t<\/div>\n\t\t\t\t\t\t<\/div>\n\t\t\t\t<\/div>\n\t\t\t\t\t<\/div>\n\t\t\t\t<\/div>\n\t\t\t\t<\/div>","protected":false},"excerpt":{"rendered":"<p>At GTBridge we optimize and integrate the last mile of your supply chain, connecting your products with the end customer and boosting your sales.<\/p>","protected":false},"author":1,"featured_media":987914,"parent":25,"menu_order":0,"comment_status":"closed","ping_status":"closed","template":"","meta":{"footnotes":""},"class_list":["post-3453","page","type-page","status-publish","has-post-thumbnail","hentry"],"yoast_head":"<!-- This site is optimized with the Yoast SEO plugin v27.6 - https:\/\/yoast.com\/product\/yoast-seo-wordpress\/ -->\n<title>Importaci\u00f3n, Distribuci\u00f3n y Log\u00edstica en EE. UU. | GT Bridge<\/title>\n<meta name=\"description\" content=\"Optimizamos tu cadena de suministro en EE. UU. con servicios integrales de importaci\u00f3n, distribuci\u00f3n master y log\u00edstica de \u00faltima milla.\" \/>\n<meta name=\"robots\" content=\"index, follow, max-snippet:-1, max-image-preview:large, max-video-preview:-1\" \/>\n<link rel=\"canonical\" href=\"https:\/\/gtbridge.com\/en\/services\/importacion-distribucion-logistica\/\" \/>\n<meta property=\"og:locale\" content=\"en_US\" \/>\n<meta property=\"og:type\" content=\"article\" \/>\n<meta property=\"og:title\" content=\"Importaci\u00f3n, Distribuci\u00f3n y Log\u00edstica en EE. UU. | GT Bridge\" \/>\n<meta property=\"og:description\" content=\"Optimizamos tu cadena de suministro en EE. UU. con servicios integrales de importaci\u00f3n, distribuci\u00f3n master y log\u00edstica de \u00faltima milla.\" \/>\n<meta property=\"og:url\" content=\"https:\/\/gtbridge.com\/en\/services\/importacion-distribucion-logistica\/\" \/>\n<meta property=\"og:site_name\" content=\"Global Trade Bridge\" \/>\n<meta property=\"article:modified_time\" content=\"2026-03-30T21:46:10+00:00\" \/>\n<meta property=\"og:image\" content=\"https:\/\/gtbridge.com\/wp-content\/uploads\/2025\/09\/Importacion-distribuicion-y-logistica-3.jpg\" \/>\n\t<meta property=\"og:image:width\" content=\"2096\" \/>\n\t<meta property=\"og:image:height\" content=\"998\" \/>\n\t<meta property=\"og:image:type\" content=\"image\/jpeg\" \/>\n<meta name=\"twitter:card\" content=\"summary_large_image\" \/>\n<meta name=\"twitter:label1\" content=\"Est. reading time\" \/>\n\t<meta name=\"twitter:data1\" content=\"1 minute\" \/>\n<script type=\"application\/ld+json\" class=\"yoast-schema-graph\">{\"@context\":\"https:\\\/\\\/schema.org\",\"@graph\":[{\"@type\":\"WebPage\",\"@id\":\"https:\\\/\\\/gtbridge.com\\\/services\\\/importacion-distribucion-logistica\\\/\",\"url\":\"https:\\\/\\\/gtbridge.com\\\/services\\\/importacion-distribucion-logistica\\\/\",\"name\":\"Importaci\u00f3n, Distribuci\u00f3n y Log\u00edstica en EE. UU. | GT Bridge\",\"isPartOf\":{\"@id\":\"https:\\\/\\\/gtbridge.com\\\/#website\"},\"primaryImageOfPage\":{\"@id\":\"https:\\\/\\\/gtbridge.com\\\/services\\\/importacion-distribucion-logistica\\\/#primaryimage\"},\"image\":{\"@id\":\"https:\\\/\\\/gtbridge.com\\\/services\\\/importacion-distribucion-logistica\\\/#primaryimage\"},\"thumbnailUrl\":\"https:\\\/\\\/gtbridge.com\\\/wp-content\\\/uploads\\\/2025\\\/09\\\/Importacion-distribuicion-y-logistica-3.jpg\",\"datePublished\":\"2025-02-27T15:00:00+00:00\",\"dateModified\":\"2026-03-30T21:46:10+00:00\",\"description\":\"Optimizamos tu cadena de suministro en EE. UU. con servicios integrales de importaci\u00f3n, distribuci\u00f3n master y log\u00edstica de \u00faltima milla.\",\"breadcrumb\":{\"@id\":\"https:\\\/\\\/gtbridge.com\\\/services\\\/importacion-distribucion-logistica\\\/#breadcrumb\"},\"inLanguage\":\"en-US\",\"potentialAction\":[{\"@type\":\"ReadAction\",\"target\":[\"https:\\\/\\\/gtbridge.com\\\/services\\\/importacion-distribucion-logistica\\\/\"]}]},{\"@type\":\"ImageObject\",\"inLanguage\":\"en-US\",\"@id\":\"https:\\\/\\\/gtbridge.com\\\/services\\\/importacion-distribucion-logistica\\\/#primaryimage\",\"url\":\"https:\\\/\\\/gtbridge.com\\\/wp-content\\\/uploads\\\/2025\\\/09\\\/Importacion-distribuicion-y-logistica-3.jpg\",\"contentUrl\":\"https:\\\/\\\/gtbridge.com\\\/wp-content\\\/uploads\\\/2025\\\/09\\\/Importacion-distribuicion-y-logistica-3.jpg\",\"width\":2096,\"height\":998},{\"@type\":\"BreadcrumbList\",\"@id\":\"https:\\\/\\\/gtbridge.com\\\/services\\\/importacion-distribucion-logistica\\\/#breadcrumb\",\"itemListElement\":[{\"@type\":\"ListItem\",\"position\":1,\"name\":\"Home\",\"item\":\"https:\\\/\\\/gtbridge.com\\\/\"},{\"@type\":\"ListItem\",\"position\":2,\"name\":\"Services overview\",\"item\":\"https:\\\/\\\/gtbridge.com\\\/services\\\/\"},{\"@type\":\"ListItem\",\"position\":3,\"name\":\"Importaci\u00f3n, distribuci\u00f3n y log\u00edstica\"}]},{\"@type\":\"WebSite\",\"@id\":\"https:\\\/\\\/gtbridge.com\\\/#website\",\"url\":\"https:\\\/\\\/gtbridge.com\\\/\",\"name\":\"Global Trade Bridge\",\"description\":\"Importaci\u00f3n y distribuci\u00f3n de productos en USA\",\"publisher\":{\"@id\":\"https:\\\/\\\/gtbridge.com\\\/#organization\"},\"potentialAction\":[{\"@type\":\"SearchAction\",\"target\":{\"@type\":\"EntryPoint\",\"urlTemplate\":\"https:\\\/\\\/gtbridge.com\\\/?s={search_term_string}\"},\"query-input\":{\"@type\":\"PropertyValueSpecification\",\"valueRequired\":true,\"valueName\":\"search_term_string\"}}],\"inLanguage\":\"en-US\"},{\"@type\":\"Organization\",\"@id\":\"https:\\\/\\\/gtbridge.com\\\/#organization\",\"name\":\"Global Trade Bridge\",\"url\":\"https:\\\/\\\/gtbridge.com\\\/\",\"logo\":{\"@type\":\"ImageObject\",\"inLanguage\":\"en-US\",\"@id\":\"https:\\\/\\\/gtbridge.com\\\/#\\\/schema\\\/logo\\\/image\\\/\",\"url\":\"https:\\\/\\\/gtbridge.com\\\/wp-content\\\/uploads\\\/2025\\\/02\\\/gt.png\",\"contentUrl\":\"https:\\\/\\\/gtbridge.com\\\/wp-content\\\/uploads\\\/2025\\\/02\\\/gt.png\",\"width\":250,\"height\":248,\"caption\":\"Global Trade Bridge\"},\"image\":{\"@id\":\"https:\\\/\\\/gtbridge.com\\\/#\\\/schema\\\/logo\\\/image\\\/\"}}]}<\/script>\n<!-- \/ Yoast SEO plugin. -->","yoast_head_json":{"title":"Importaci\u00f3n, Distribuci\u00f3n y Log\u00edstica en EE. UU. | GT Bridge","description":"Optimizamos tu cadena de suministro en EE. UU. con servicios integrales de importaci\u00f3n, distribuci\u00f3n master y log\u00edstica de \u00faltima milla.","robots":{"index":"index","follow":"follow","max-snippet":"max-snippet:-1","max-image-preview":"max-image-preview:large","max-video-preview":"max-video-preview:-1"},"canonical":"https:\/\/gtbridge.com\/en\/services\/importacion-distribucion-logistica\/","og_locale":"en_US","og_type":"article","og_title":"Importaci\u00f3n, Distribuci\u00f3n y Log\u00edstica en EE. UU. | GT Bridge","og_description":"Optimizamos tu cadena de suministro en EE. UU. con servicios integrales de importaci\u00f3n, distribuci\u00f3n master y log\u00edstica de \u00faltima milla.","og_url":"https:\/\/gtbridge.com\/en\/services\/importacion-distribucion-logistica\/","og_site_name":"Global Trade Bridge","article_modified_time":"2026-03-30T21:46:10+00:00","og_image":[{"width":2096,"height":998,"url":"https:\/\/gtbridge.com\/wp-content\/uploads\/2025\/09\/Importacion-distribuicion-y-logistica-3.jpg","type":"image\/jpeg"}],"twitter_card":"summary_large_image","twitter_misc":{"Est. reading time":"1 minute"},"schema":{"@context":"https:\/\/schema.org","@graph":[{"@type":"WebPage","@id":"https:\/\/gtbridge.com\/services\/importacion-distribucion-logistica\/","url":"https:\/\/gtbridge.com\/services\/importacion-distribucion-logistica\/","name":"Importaci\u00f3n, Distribuci\u00f3n y Log\u00edstica en EE. UU. | GT Bridge","isPartOf":{"@id":"https:\/\/gtbridge.com\/#website"},"primaryImageOfPage":{"@id":"https:\/\/gtbridge.com\/services\/importacion-distribucion-logistica\/#primaryimage"},"image":{"@id":"https:\/\/gtbridge.com\/services\/importacion-distribucion-logistica\/#primaryimage"},"thumbnailUrl":"https:\/\/gtbridge.com\/wp-content\/uploads\/2025\/09\/Importacion-distribuicion-y-logistica-3.jpg","datePublished":"2025-02-27T15:00:00+00:00","dateModified":"2026-03-30T21:46:10+00:00","description":"Optimizamos tu cadena de suministro en EE. UU. con servicios integrales de importaci\u00f3n, distribuci\u00f3n master y log\u00edstica de \u00faltima milla.","breadcrumb":{"@id":"https:\/\/gtbridge.com\/services\/importacion-distribucion-logistica\/#breadcrumb"},"inLanguage":"en-US","potentialAction":[{"@type":"ReadAction","target":["https:\/\/gtbridge.com\/services\/importacion-distribucion-logistica\/"]}]},{"@type":"ImageObject","inLanguage":"en-US","@id":"https:\/\/gtbridge.com\/services\/importacion-distribucion-logistica\/#primaryimage","url":"https:\/\/gtbridge.com\/wp-content\/uploads\/2025\/09\/Importacion-distribuicion-y-logistica-3.jpg","contentUrl":"https:\/\/gtbridge.com\/wp-content\/uploads\/2025\/09\/Importacion-distribuicion-y-logistica-3.jpg","width":2096,"height":998},{"@type":"BreadcrumbList","@id":"https:\/\/gtbridge.com\/services\/importacion-distribucion-logistica\/#breadcrumb","itemListElement":[{"@type":"ListItem","position":1,"name":"Home","item":"https:\/\/gtbridge.com\/"},{"@type":"ListItem","position":2,"name":"Services overview","item":"https:\/\/gtbridge.com\/services\/"},{"@type":"ListItem","position":3,"name":"Importaci\u00f3n, distribuci\u00f3n y log\u00edstica"}]},{"@type":"WebSite","@id":"https:\/\/gtbridge.com\/#website","url":"https:\/\/gtbridge.com\/","name":"Global Trade Bridge","description":"Importaci\u00f3n y distribuci\u00f3n de productos en USA","publisher":{"@id":"https:\/\/gtbridge.com\/#organization"},"potentialAction":[{"@type":"SearchAction","target":{"@type":"EntryPoint","urlTemplate":"https:\/\/gtbridge.com\/?s={search_term_string}"},"query-input":{"@type":"PropertyValueSpecification","valueRequired":true,"valueName":"search_term_string"}}],"inLanguage":"en-US"},{"@type":"Organization","@id":"https:\/\/gtbridge.com\/#organization","name":"Global Trade Bridge","url":"https:\/\/gtbridge.com\/","logo":{"@type":"ImageObject","inLanguage":"en-US","@id":"https:\/\/gtbridge.com\/#\/schema\/logo\/image\/","url":"https:\/\/gtbridge.com\/wp-content\/uploads\/2025\/02\/gt.png","contentUrl":"https:\/\/gtbridge.com\/wp-content\/uploads\/2025\/02\/gt.png","width":250,"height":248,"caption":"Global Trade Bridge"},"image":{"@id":"https:\/\/gtbridge.com\/#\/schema\/logo\/image\/"}}]}},"_links":{"self":[{"href":"https:\/\/gtbridge.com\/en\/wp-json\/wp\/v2\/pages\/3453","targetHints":{"allow":["GET"]}}],"collection":[{"href":"https:\/\/gtbridge.com\/en\/wp-json\/wp\/v2\/pages"}],"about":[{"href":"https:\/\/gtbridge.com\/en\/wp-json\/wp\/v2\/types\/page"}],"author":[{"embeddable":true,"href":"https:\/\/gtbridge.com\/en\/wp-json\/wp\/v2\/users\/1"}],"replies":[{"embeddable":true,"href":"https:\/\/gtbridge.com\/en\/wp-json\/wp\/v2\/comments?post=3453"}],"version-history":[{"count":55,"href":"https:\/\/gtbridge.com\/en\/wp-json\/wp\/v2\/pages\/3453\/revisions"}],"predecessor-version":[{"id":988961,"href":"https:\/\/gtbridge.com\/en\/wp-json\/wp\/v2\/pages\/3453\/revisions\/988961"}],"up":[{"embeddable":true,"href":"https:\/\/gtbridge.com\/en\/wp-json\/wp\/v2\/pages\/25"}],"wp:featuredmedia":[{"embeddable":true,"href":"https:\/\/gtbridge.com\/en\/wp-json\/wp\/v2\/media\/987914"}],"wp:attachment":[{"href":"https:\/\/gtbridge.com\/en\/wp-json\/wp\/v2\/media?parent=3453"}],"curies":[{"name":"wp","href":"https:\/\/api.w.org\/{rel}","templated":true}]}}